{"id":3018,"date":"2025-04-13T06:19:26","date_gmt":"2025-04-13T04:19:26","guid":{"rendered":"https:\/\/thegoodunicorn.at\/?page_id=3018"},"modified":"2025-04-14T11:16:45","modified_gmt":"2025-04-14T09:16:45","slug":"impressum","status":"publish","type":"page","link":"https:\/\/thegoodunicorn.at\/index.php\/impressum\/","title":{"rendered":"Impressum"},"content":{"rendered":"<p><div class=\"fusion-fullwidth fullwidth-box fusion-builder-row-1 fusion-flex-container has-pattern-background has-mask-background hundred-percent-fullwidth non-hundred-percent-height-scrolling fusion-no-small-visibility\" style=\"--awb-border-radius-top-left:0px;--awb-border-radius-top-right:0px;--awb-border-radius-bottom-right:0px;--awb-border-radius-bottom-left:0px;--awb-background-color:var(--awb-color1);--awb-flex-wrap:wrap;\" ><div class=\"fusion-builder-row fusion-row fusion-flex-align-items-flex-start fusion-flex-justify-content-center fusion-flex-content-wrap\" style=\"width:104% !important;max-width:104% !important;margin-left: calc(-4% \/ 2 );margin-right: calc(-4% \/ 2 );\"><div class=\"fusion-layout-column fusion_builder_column fusion-builder-column-0 fusion_builder_column_1_1 1_1 fusion-flex-column fusion-flex-align-self-stretch fusion-animated\" style=\"--awb-padding-top:8em;--awb-padding-right:4em;--awb-padding-bottom:8em;--awb-padding-left:4em;--awb-bg-color:rgba(16,16,21,0.43);--awb-bg-color-hover:rgba(16,16,21,0.43);--awb-bg-image:url(&#039;https:\/\/thegoodunicorn.at\/wp-content\/uploads\/2025\/04\/SommerPartyCorinna_DANI-ELLA-Photography_152-Kopie.jpg&#039;);--awb-bg-blend:overlay;--awb-bg-size:cover;--awb-width-large:100%;--awb-margin-top-large:0px;--awb-spacing-right-large:0%;--awb-margin-bottom-large:0px;--awb-spacing-left-large:0%;--awb-width-medium:100%;--awb-order-medium:0;--awb-spacing-right-medium:0%;--awb-spacing-left-medium:0%;--awb-width-small:100%;--awb-order-small:0;--awb-spacing-right-small:1.92%;--awb-spacing-left-small:1.92%;--awb-animation-color:rgba(255,255,255,0.14);\" data-animationType=\"revealInLeft\" data-animationDuration=\"0.9\" data-animationOffset=\"top-into-view\"><div class=\"fusion-column-wrapper fusion-column-has-shadow fusion-flex-justify-content-center fusion-content-layout-column fusion-column-has-bg-image\" data-bg-url=\"https:\/\/thegoodunicorn.at\/wp-content\/uploads\/2025\/04\/SommerPartyCorinna_DANI-ELLA-Photography_152-Kopie.jpg\"><div class=\"fusion-text fusion-text-1 fusion-text-no-margin\" style=\"--awb-font-size:50px;--awb-text-color:var(--awb-color1);--awb-margin-left:0.2em;--awb-text-font-family:&quot;Montserrat&quot;;--awb-text-font-style:normal;--awb-text-font-weight:800;\"><p>Au\u00dfergew\u00f6hnliche<\/p>\n<\/div><div class=\"fusion-text fusion-text-2 fusion-text-no-margin\" style=\"--awb-font-size:180px;--awb-line-height:1;--awb-text-color:var(--awb-color1);--awb-margin-top:-30px;--awb-text-font-family:&quot;Montserrat&quot;;--awb-text-font-style:normal;--awb-text-font-weight:900;\"><p class=\"p1\">EVENTS<\/p>\n<\/div><div class=\"fusion-title title fusion-title-1 fusion-sep-none fusion-title-text fusion-title-size-three\" style=\"--awb-text-color:var(--awb-color1);--awb-font-size:40px;\"><h3 class=\"fusion-title-heading title-heading-left\" style=\"margin:0;font-size:1em;text-transform:uppercase;\">Impressum<\/h3><\/div><\/div><\/div><\/div><\/div><div class=\"fusion-fullwidth fullwidth-box fusion-builder-row-2 fusion-flex-container has-pattern-background has-mask-background hundred-percent-fullwidth non-hundred-percent-height-scrolling\" style=\"--awb-border-radius-top-left:0px;--awb-border-radius-top-right:0px;--awb-border-radius-bottom-right:0px;--awb-border-radius-bottom-left:0px;--awb-padding-top:2em;--awb-padding-right:8em;--awb-padding-bottom:2em;--awb-padding-left:8em;--awb-flex-wrap:wrap;\" ><div class=\"fusion-builder-row fusion-row fusion-flex-align-items-flex-start fusion-flex-content-wrap\" style=\"width:104% !important;max-width:104% !important;margin-left: calc(-4% \/ 2 );margin-right: calc(-4% \/ 2 );\"><div class=\"fusion-layout-column fusion_builder_column fusion-builder-column-1 fusion_builder_column_1_1 1_1 fusion-flex-column\" style=\"--awb-bg-size:cover;--awb-width-large:100%;--awb-margin-top-large:0px;--awb-spacing-right-large:1.92%;--awb-margin-bottom-large:20px;--awb-spacing-left-large:1.92%;--awb-width-medium:100%;--awb-order-medium:0;--awb-spacing-right-medium:1.92%;--awb-spacing-left-medium:1.92%;--awb-width-small:100%;--awb-order-small:0;--awb-spacing-right-small:1.92%;--awb-spacing-left-small:1.92%;\"><div class=\"fusion-column-wrapper fusion-column-has-shadow fusion-flex-justify-content-flex-start fusion-content-layout-column\"><div class=\"fusion-text fusion-text-3 awb-text-cols fusion-text-columns-2\" style=\"--awb-columns:2;--awb-column-spacing:2em;--awb-column-min-width:100px;\"><p>The Good Unicorn Ventures GmbH<\/p>\n<p><strong>Gesch\u00e4ftsf\u00fchrer:<\/strong><br \/>Corinna Hintenberger<br \/>Daniel Zieser<\/p>\n<p><strong>Firmensitz:<\/strong><br \/>Seitenstettengasse 5\/37<br \/>1010 Wien<\/p>\n<p><strong>Kontaktdaten:<\/strong><br \/>Mail: office@thegoodunicorn.at<br \/>Tel.: 0664\/824 13 23<\/p>\n<p><strong>UID-Nr.:<\/strong> ATU 81503213<\/p>\n<p><strong>Firmennr.:<\/strong> FN641213<br \/><strong>Firmenbuchgericht: <\/strong>Handelsgericht Wien<br \/><strong>Firmenstandort:<\/strong> Wien<\/p>\n<p><strong>Gisanummer:<\/strong> 33135526<\/p>\n<p><strong>Unternehmensgegenstand:<\/strong> Eventagentur, Consulting, Unternehmensberatung, Handel mit Waren aller Art, Verwaltung eigenen Verm\u00f6gens<\/p>\n<p>Mitglied der WKO Wien<br \/><strong>Berufsrecht bzw. Gewerbeordnung:<\/strong> <a href=\"https:\/\/www.bmwet.gv.at\/\" target=\"_blank\" rel=\"noopener\">www.ris.bka.gv.at\/<\/a><\/p>\n<p><strong>Hinweis zur Angaben zur Online-Streitbeilegung<\/strong><br \/>Die Europ\u00e4ische Kommission stellt eine Plattform f\u00fcr die au\u00dfergerichtliche Online-Streitbeilegung (OS-Platt-<br \/>form) bereit, die unter <a href=\"https:\/\/ec.europa.eu\/consumers\/odr\/ main\/index.cfm?event=main.home2.show&amp;lng=DE\" target=\"_blank\" rel=\"noopener\">www.ec.europa.eu\/consumers\/odr<\/a> aufrufbar ist.<br \/>The Good Unicorn Ventures GmbH, ist nicht verpflichtet an dem<br \/>Streitschlichtungsverfahren teilzunehmen<\/p>\n<\/div><\/div><\/div><\/div><\/div><div class=\"fusion-fullwidth fullwidth-box fusion-builder-row-3 fusion-flex-container has-pattern-background has-mask-background hundred-percent-fullwidth non-hundred-percent-height-scrolling\" style=\"--awb-border-radius-top-left:0px;--awb-border-radius-top-right:0px;--awb-border-radius-bottom-right:0px;--awb-border-radius-bottom-left:0px;--awb-padding-top:2em;--awb-padding-right:8em;--awb-padding-bottom:2em;--awb-padding-left:8em;--awb-flex-wrap:wrap;\" ><div class=\"fusion-builder-row fusion-row fusion-flex-align-items-flex-start fusion-flex-content-wrap\" style=\"width:104% !important;max-width:104% !important;margin-left: calc(-4% \/ 2 );margin-right: calc(-4% \/ 2 );\"><div class=\"fusion-layout-column fusion_builder_column fusion-builder-column-2 fusion_builder_column_1_1 1_1 fusion-flex-column\" style=\"--awb-bg-size:cover;--awb-width-large:100%;--awb-margin-top-large:0px;--awb-spacing-right-large:1.92%;--awb-margin-bottom-large:20px;--awb-spacing-left-large:1.92%;--awb-width-medium:100%;--awb-order-medium:0;--awb-spacing-right-medium:1.92%;--awb-spacing-left-medium:1.92%;--awb-width-small:100%;--awb-order-small:0;--awb-spacing-right-small:1.92%;--awb-spacing-left-small:1.92%;\"><div class=\"fusion-column-wrapper fusion-column-has-shadow fusion-flex-justify-content-flex-start fusion-content-layout-column\"><div class=\"fusion-text fusion-text-4\"><p><strong>Das oben angef\u00fchrte Impressum gilt ebenfalls f\u00fcr alle meine\/unsere Social Media Pr\u00e4senzen:<\/strong><br \/>Facebook, Instagram, Tiktok, LinkedIn, Youtube<\/p>\n<p><strong>Bildrechte:<\/strong><br \/>\u00a9 <a href=\"https:\/\/sansoniphotography.at\/\" target=\"_blank\" rel=\"noopener\">sansoniphography<\/a><br \/>\u00a9<a href=\"https:\/\/www.andreasojka.com\/\" target=\"_blank\" rel=\"noopener\"> SOULBRAND Andrea-Sojka<\/a><br \/>\u00a9 <a href=\"https:\/\/www.daniella-photography.at\/\" target=\"_blank\" rel=\"noopener\">DANI-ELLA-Photography<\/a><br \/>\u00a9 ProSiebenSat.1 PULS 4 GmbH<\/p>\n<\/div><\/div><\/div><\/div><\/div><div class=\"fusion-fullwidth fullwidth-box fusion-builder-row-4 fusion-flex-container has-pattern-background has-mask-background hundred-percent-fullwidth non-hundred-percent-height-scrolling fusion-no-medium-visibility fusion-no-large-visibility\" style=\"--awb-border-radius-top-left:0px;--awb-border-radius-top-right:0px;--awb-border-radius-bottom-right:0px;--awb-border-radius-bottom-left:0px;--awb-padding-right-small:0px;--awb-padding-left-small:0px;--awb-background-color:var(--awb-color1);--awb-flex-wrap:wrap;\" ><div class=\"fusion-builder-row fusion-row fusion-flex-align-items-flex-start fusion-flex-justify-content-center fusion-flex-content-wrap\" style=\"width:104% !important;max-width:104% !important;margin-left: calc(-4% \/ 2 );margin-right: calc(-4% \/ 2 );\"><div class=\"fusion-layout-column fusion_builder_column fusion-builder-column-3 fusion_builder_column_3_5 3_5 fusion-flex-column fusion-flex-align-self-stretch fusion-animated\" style=\"--awb-padding-top:8em;--awb-padding-right:4em;--awb-padding-bottom:8em;--awb-padding-left:4em;--awb-padding-top-small:2em;--awb-padding-right-small:2em;--awb-padding-bottom-small:2em;--awb-padding-left-small:2em;--awb-bg-color:rgba(16,16,21,0.43);--awb-bg-color-hover:rgba(16,16,21,0.43);--awb-bg-image:url(&#039;https:\/\/thegoodunicorn.at\/wp-content\/uploads\/2025\/04\/SommerPartyCorinna_DANI-ELLA-Photography_152-Kopie.jpg&#039;);--awb-bg-blend:overlay;--awb-bg-size:cover;--awb-width-large:60%;--awb-margin-top-large:0px;--awb-spacing-right-large:0%;--awb-margin-bottom-large:0px;--awb-spacing-left-large:0%;--awb-width-medium:60%;--awb-order-medium:0;--awb-spacing-right-medium:0%;--awb-spacing-left-medium:0%;--awb-width-small:100%;--awb-order-small:0;--awb-spacing-right-small:1.92%;--awb-spacing-left-small:1.92%;--awb-animation-color:rgba(255,255,255,0.14);\" data-animationType=\"revealInLeft\" data-animationDuration=\"0.9\" data-animationOffset=\"top-into-view\"><div class=\"fusion-column-wrapper fusion-column-has-shadow fusion-flex-justify-content-center fusion-content-layout-column fusion-column-has-bg-image\" data-bg-url=\"https:\/\/thegoodunicorn.at\/wp-content\/uploads\/2025\/04\/SommerPartyCorinna_DANI-ELLA-Photography_152-Kopie.jpg\"><div class=\"fusion-text fusion-text-5 fusion-text-no-margin\" style=\"--awb-font-size:30px;--awb-text-color:var(--awb-color1);--awb-text-font-family:&quot;Montserrat&quot;;--awb-text-font-style:normal;--awb-text-font-weight:800;\"><p>Au\u00dfergew\u00f6hnliche<\/p>\n<\/div><div class=\"fusion-text fusion-text-6 fusion-text-no-margin\" style=\"--awb-font-size:80px;--awb-line-height:1;--awb-text-color:var(--awb-color1);--awb-text-font-family:&quot;Montserrat&quot;;--awb-text-font-style:normal;--awb-text-font-weight:900;\"><p class=\"p1\">EVENTS<\/p>\n<\/div><div class=\"fusion-text fusion-text-7\" style=\"--awb-font-size:30px;--awb-text-transform:uppercase;--awb-text-color:var(--awb-color1);--awb-text-font-family:&quot;Montserrat&quot;;--awb-text-font-style:normal;--awb-text-font-weight:700;\"><p>IMPRESSUM<\/p>\n<\/div><\/div><\/div><\/div><\/div><\/p>\n","protected":false},"excerpt":{"rendered":"","protected":false},"author":1,"featured_media":0,"parent":0,"menu_order":0,"comment_status":"closed","ping_status":"closed","template":"100-width.php","meta":{"footnotes":""},"class_list":["post-3018","page","type-page","status-publish","hentry"],"_links":{"self":[{"href":"https:\/\/thegoodunicorn.at\/index.php\/wp-json\/wp\/v2\/pages\/3018","targetHints":{"allow":["GET"]}}],"collection":[{"href":"https:\/\/thegoodunicorn.at\/index.php\/wp-json\/wp\/v2\/pages"}],"about":[{"href":"https:\/\/thegoodunicorn.at\/index.php\/wp-json\/wp\/v2\/types\/page"}],"author":[{"embeddable":true,"href":"https:\/\/thegoodunicorn.at\/index.php\/wp-json\/wp\/v2\/users\/1"}],"replies":[{"embeddable":true,"href":"https:\/\/thegoodunicorn.at\/index.php\/wp-json\/wp\/v2\/comments?post=3018"}],"version-history":[{"count":11,"href":"https:\/\/thegoodunicorn.at\/index.php\/wp-json\/wp\/v2\/pages\/3018\/revisions"}],"predecessor-version":[{"id":3149,"href":"https:\/\/thegoodunicorn.at\/index.php\/wp-json\/wp\/v2\/pages\/3018\/revisions\/3149"}],"wp:attachment":[{"href":"https:\/\/thegoodunicorn.at\/index.php\/wp-json\/wp\/v2\/media?parent=3018"}],"curies":[{"name":"wp","href":"https:\/\/api.w.org\/{rel}","templated":true}]}}